{"id":9875,"date":"2024-04-22T14:51:58","date_gmt":"2024-04-22T12:51:58","guid":{"rendered":"https:\/\/www.hotelboutondor.it\/petit-dejeuner\/"},"modified":"2024-06-07T09:58:13","modified_gmt":"2024-06-07T07:58:13","slug":"petit-dejeuner","status":"publish","type":"page","link":"https:\/\/www.hotelboutondor.it\/fr\/petit-dejeuner\/","title":{"rendered":"Petit-d\u00e9jeuner"},"content":{"rendered":"\t\t<div data-elementor-type=\"wp-page\" data-elementor-id=\"9875\" class=\"elementor elementor-9875 elementor-9660\">\n\t\t\t\t\t\t<section class=\"elementor-section elementor-top-section elementor-element elementor-element-f3be93c elementor-section-stretched elementor-section-content-middle elementor-section-boxed elementor-section-height-default elementor-section-height-default wpr-particle-no wpr-jarallax-no wpr-parallax-no wpr-sticky-section-no wpr-equal-height-no\" data-id=\"f3be93c\" data-element_type=\"section\" data-e-type=\"section\" data-settings=\"{&quot;stretch_section&quot;:&quot;section-stretched&quot;,&quot;background_background&quot;:&quot;classic&quot;}\">\n\t\t\t\t\t\t\t<div class=\"elementor-background-overlay\"><\/div>\n\t\t\t\t\t\t\t<div class=\"elementor-container elementor-column-gap-default\">\n\t\t\t\t\t<div class=\"elementor-column elementor-col-100 elementor-top-column elementor-element elementor-element-c50f8ac\" data-id=\"c50f8ac\" data-element_type=\"column\" data-e-type=\"column\">\n\t\t\t<div class=\"elementor-widget-wrap elementor-element-populated\">\n\t\t\t\t\t\t<div class=\"elementor-element elementor-element-eb4f7a1 elementor-widget elementor-widget-heading\" data-id=\"eb4f7a1\" data-element_type=\"widget\" data-e-type=\"widget\" data-widget_type=\"heading.default\">\n\t\t\t\t<div class=\"elementor-widget-container\">\n\t\t\t\t\t<h1 class=\"elementor-heading-title elementor-size-default\">Petit-d\u00e9jeuner<\/h1>\t\t\t\t<\/div>\n\t\t\t\t<\/div>\n\t\t\t\t\t<\/div>\n\t\t<\/div>\n\t\t\t\t\t<\/div>\n\t\t<\/section>\n\t\t\t\t<section class=\"elementor-section elementor-top-section elementor-element elementor-element-a477dce elementor-section-content-middle elementor-section-stretched elementor-section-boxed elementor-section-height-default elementor-section-height-default wpr-particle-no wpr-jarallax-no wpr-parallax-no wpr-sticky-section-no wpr-equal-height-no\" data-id=\"a477dce\" data-element_type=\"section\" data-e-type=\"section\" data-settings=\"{&quot;stretch_section&quot;:&quot;section-stretched&quot;,&quot;background_background&quot;:&quot;classic&quot;}\">\n\t\t\t\t\t\t\t<div class=\"elementor-background-overlay\"><\/div>\n\t\t\t\t\t\t\t<div class=\"elementor-container elementor-column-gap-default\">\n\t\t\t\t\t<div class=\"elementor-column elementor-col-50 elementor-top-column elementor-element elementor-element-559c773 elementor-invisible\" data-id=\"559c773\" data-element_type=\"column\" data-e-type=\"column\" data-settings=\"{&quot;animation&quot;:&quot;fadeInLeft&quot;}\">\n\t\t\t<div class=\"elementor-widget-wrap elementor-element-populated\">\n\t\t\t\t\t\t<div class=\"elementor-element elementor-element-90cb72c elementor-widget elementor-widget-heading\" data-id=\"90cb72c\" data-element_type=\"widget\" data-e-type=\"widget\" data-widget_type=\"heading.default\">\n\t\t\t\t<div class=\"elementor-widget-container\">\n\t\t\t\t\t<h1 class=\"elementor-heading-title elementor-size-default\">Le petit-d\u00e9jeuner<\/h1>\t\t\t\t<\/div>\n\t\t\t\t<\/div>\n\t\t\t\t<div class=\"elementor-element elementor-element-040e838 elementor-widget elementor-widget-heading\" data-id=\"040e838\" data-element_type=\"widget\" data-e-type=\"widget\" data-widget_type=\"heading.default\">\n\t\t\t\t<div class=\"elementor-widget-container\">\n\t\t\t\t\t<p class=\"elementor-heading-title elementor-size-default\">Que vous pr\u00e9f\u00e9riez un cappuccino et une brioche sortie du four ou une assiette de fromages locaux accompagn\u00e9e de d\u00e9licieuses confitures, dans notre h\u00f4tel, <b>vous commencerez vos vacances de la meilleure fa\u00e7on<\/b> possible en savourant chaque matin <b>notre d\u00e9licieux petit-d\u00e9jeuner<\/b>.<br><br>\n\nDes sp\u00e9cialit\u00e9s fromag\u00e8res de la Vall\u00e9e d'Aoste aux p\u00e2tisseries faites maison, notre petit-d\u00e9jeuner vous fera <b> voyager \u00e0 travers les saveurs de notre r\u00e9gion<\/b>, pour commencer votre journ\u00e9e de la meilleure fa\u00e7on possible.<\/p>\t\t\t\t<\/div>\n\t\t\t\t<\/div>\n\t\t\t\t\t<\/div>\n\t\t<\/div>\n\t\t\t\t<div class=\"elementor-column elementor-col-50 elementor-top-column elementor-element elementor-element-bebb36c elementor-invisible\" data-id=\"bebb36c\" data-element_type=\"column\" data-e-type=\"column\" data-settings=\"{&quot;animation&quot;:&quot;fadeInRight&quot;}\">\n\t\t\t<div class=\"elementor-widget-wrap elementor-element-populated\">\n\t\t\t\t\t\t<div class=\"elementor-element elementor-element-30959ca elementor-arrows-position-outside elementor-pagination-position-outside elementor-widget elementor-widget-image-carousel\" data-id=\"30959ca\" data-element_type=\"widget\" data-e-type=\"widget\" data-settings=\"{&quot;slides_to_show&quot;:&quot;1&quot;,&quot;navigation&quot;:&quot;both&quot;,&quot;autoplay&quot;:&quot;yes&quot;,&quot;pause_on_hover&quot;:&quot;yes&quot;,&quot;pause_on_interaction&quot;:&quot;yes&quot;,&quot;autoplay_speed&quot;:5000,&quot;infinite&quot;:&quot;yes&quot;,&quot;effect&quot;:&quot;slide&quot;,&quot;speed&quot;:500}\" data-widget_type=\"image-carousel.default\">\n\t\t\t\t<div class=\"elementor-widget-container\">\n\t\t\t\t\t\t\t<div class=\"elementor-image-carousel-wrapper swiper\" role=\"region\" aria-roledescription=\"carousel\" aria-label=\"Carrousel d\u2019images\" dir=\"ltr\">\n\t\t\t<div class=\"elementor-image-carousel swiper-wrapper\" aria-live=\"off\">\n\t\t\t\t\t\t\t\t<div class=\"swiper-slide\" role=\"group\" aria-roledescription=\"slide\" aria-label=\"1 sur 6\"><figure class=\"swiper-slide-inner\"><img decoding=\"async\" class=\"swiper-slide-image\" src=\"https:\/\/www.hotelboutondor.it\/wp-content\/uploads\/2024\/04\/colazione-hotel-a-cogne-.jpg\" alt=\"colazione hotel a cogne\" \/><\/figure><\/div><div class=\"swiper-slide\" role=\"group\" aria-roledescription=\"slide\" aria-label=\"2 sur 6\"><figure class=\"swiper-slide-inner\"><img decoding=\"async\" class=\"swiper-slide-image\" src=\"https:\/\/www.hotelboutondor.it\/wp-content\/uploads\/2024\/04\/colazione-hotel-a-cogne-4-.jpg\" alt=\"colazione hotel a cogne\" \/><\/figure><\/div><div class=\"swiper-slide\" role=\"group\" aria-roledescription=\"slide\" aria-label=\"3 sur 6\"><figure class=\"swiper-slide-inner\"><img decoding=\"async\" class=\"swiper-slide-image\" src=\"https:\/\/www.hotelboutondor.it\/wp-content\/uploads\/2024\/04\/colazione-hotel-a-cogne-2-.jpg\" alt=\"colazione hotel a cogne\" \/><\/figure><\/div><div class=\"swiper-slide\" role=\"group\" aria-roledescription=\"slide\" aria-label=\"4 sur 6\"><figure class=\"swiper-slide-inner\"><img decoding=\"async\" class=\"swiper-slide-image\" src=\"https:\/\/www.hotelboutondor.it\/wp-content\/uploads\/2024\/04\/colazione-hotel-a-cogne-6.jpg\" alt=\"colazione hotel a cogne\" \/><\/figure><\/div><div class=\"swiper-slide\" role=\"group\" aria-roledescription=\"slide\" aria-label=\"5 sur 6\"><figure class=\"swiper-slide-inner\"><img decoding=\"async\" class=\"swiper-slide-image\" src=\"https:\/\/www.hotelboutondor.it\/wp-content\/uploads\/2024\/04\/colazione-hotel-a-cogne-3.jpg\" alt=\"colazione hotel a cogne\" \/><\/figure><\/div><div class=\"swiper-slide\" role=\"group\" aria-roledescription=\"slide\" aria-label=\"6 sur 6\"><figure class=\"swiper-slide-inner\"><img decoding=\"async\" class=\"swiper-slide-image\" src=\"https:\/\/www.hotelboutondor.it\/wp-content\/uploads\/2024\/04\/colazione-hotel-a-cogne-5-.jpg\" alt=\"colazione hotel a cogne\" \/><\/figure><\/div>\t\t\t<\/div>\n\t\t\t\t\t\t\t\t\t\t\t\t<div class=\"elementor-swiper-button elementor-swiper-button-prev\" role=\"button\" tabindex=\"0\">\n\t\t\t\t\t\t<i aria-hidden=\"true\" class=\"eicon-chevron-left\"><\/i>\t\t\t\t\t<\/div>\n\t\t\t\t\t<div class=\"elementor-swiper-button elementor-swiper-button-next\" role=\"button\" tabindex=\"0\">\n\t\t\t\t\t\t<i aria-hidden=\"true\" class=\"eicon-chevron-right\"><\/i>\t\t\t\t\t<\/div>\n\t\t\t\t\n\t\t\t\t\t\t\t\t\t<div class=\"swiper-pagination\"><\/div>\n\t\t\t\t\t\t\t\t\t<\/div>\n\t\t\t\t\t\t<\/div>\n\t\t\t\t<\/div>\n\t\t\t\t\t<\/div>\n\t\t<\/div>\n\t\t\t\t\t<\/div>\n\t\t<\/section>\n\t\t\t\t<section class=\"elementor-section elementor-top-section elementor-element elementor-element-f3147c6 elementor-section-content-middle elementor-section-stretched elementor-section-boxed elementor-section-height-default elementor-section-height-default wpr-particle-no wpr-jarallax-no wpr-parallax-no wpr-sticky-section-no wpr-equal-height-no elementor-invisible\" data-id=\"f3147c6\" data-element_type=\"section\" data-e-type=\"section\" data-settings=\"{&quot;stretch_section&quot;:&quot;section-stretched&quot;,&quot;background_background&quot;:&quot;classic&quot;,&quot;shape_divider_bottom&quot;:&quot;opacity-fan&quot;,&quot;animation&quot;:&quot;fadeIn&quot;,&quot;animation_delay&quot;:300}\">\n\t\t\t\t\t\t\t<div class=\"elementor-background-overlay\"><\/div>\n\t\t\t\t\t\t<div class=\"elementor-shape elementor-shape-bottom\" aria-hidden=\"true\" data-negative=\"false\">\n\t\t\t<svg xmlns=\"http:\/\/www.w3.org\/2000\/svg\" viewBox=\"0 0 283.5 19.6\" preserveAspectRatio=\"none\">\n\t<path class=\"elementor-shape-fill\" style=\"opacity:0.33\" d=\"M0 0L0 18.8 141.8 4.1 283.5 18.8 283.5 0z\"\/>\n\t<path class=\"elementor-shape-fill\" style=\"opacity:0.33\" d=\"M0 0L0 12.6 141.8 4 283.5 12.6 283.5 0z\"\/>\n\t<path class=\"elementor-shape-fill\" style=\"opacity:0.33\" d=\"M0 0L0 6.4 141.8 4 283.5 6.4 283.5 0z\"\/>\n\t<path class=\"elementor-shape-fill\" d=\"M0 0L0 1.2 141.8 4 283.5 1.2 283.5 0z\"\/>\n<\/svg>\t\t<\/div>\n\t\t\t\t\t<div class=\"elementor-container elementor-column-gap-default\">\n\t\t\t\t\t<div class=\"elementor-column elementor-col-100 elementor-top-column elementor-element elementor-element-739f6bc\" data-id=\"739f6bc\" data-element_type=\"column\" data-e-type=\"column\">\n\t\t\t<div class=\"elementor-widget-wrap\">\n\t\t\t\t\t\t\t<\/div>\n\t\t<\/div>\n\t\t\t\t\t<\/div>\n\t\t<\/section>\n\t\t\t\t<\/div>\n\t\t","protected":false},"excerpt":{"rendered":"<p>Petit-d\u00e9jeuner Le petit-d\u00e9jeuner Que vous pr\u00e9f\u00e9riez un cappuccino et une brioche sortie du four ou une assiette de fromages locaux accompagn\u00e9e de d\u00e9licieuses confitures, dans notre h\u00f4tel, vous commencerez vos vacances de la meilleure fa\u00e7on possible en savourant chaque matin notre d\u00e9licieux petit-d\u00e9jeuner. Des sp\u00e9cialit\u00e9s fromag\u00e8res de la Vall\u00e9e d&rsquo;Aoste aux p\u00e2tisseries faites maison, notre petit-d\u00e9jeuner vous fera voyager \u00e0 travers les saveurs de notre r\u00e9gion, pour commencer votre journ\u00e9e de la meilleure fa\u00e7on possible.<\/p>\n","protected":false},"author":1,"featured_media":0,"parent":0,"menu_order":0,"comment_status":"closed","ping_status":"closed","template":"","meta":{"footnotes":""},"class_list":["post-9875","page","type-page","status-publish","hentry"],"yoast_head":"<!-- This site is optimized with the Yoast SEO plugin v27.5 - https:\/\/yoast.com\/product\/yoast-seo-wordpress\/ -->\n<title>Petit-d\u00e9jeuner - Hotel a Cogne - Bouton d&#039;Or<\/title>\n<meta name=\"robots\" content=\"index, follow, max-snippet:-1, max-image-preview:large, max-video-preview:-1\" \/>\n<link rel=\"canonical\" href=\"https:\/\/www.hotelboutondor.it\/fr\/petit-dejeuner\/\" \/>\n<meta property=\"og:locale\" content=\"fr_FR\" \/>\n<meta property=\"og:type\" content=\"article\" \/>\n<meta property=\"og:title\" content=\"Petit-d\u00e9jeuner - Hotel a Cogne - Bouton d&#039;Or\" \/>\n<meta property=\"og:description\" content=\"Petit-d\u00e9jeuner Le petit-d\u00e9jeuner Que vous pr\u00e9f\u00e9riez un cappuccino et une brioche sortie du four ou une assiette de fromages locaux accompagn\u00e9e de d\u00e9licieuses confitures, dans notre h\u00f4tel, vous commencerez vos vacances de la meilleure fa\u00e7on possible en savourant chaque matin notre d\u00e9licieux petit-d\u00e9jeuner. Des sp\u00e9cialit\u00e9s fromag\u00e8res de la Vall\u00e9e d&rsquo;Aoste aux p\u00e2tisseries faites maison, notre petit-d\u00e9jeuner vous fera voyager \u00e0 travers les saveurs de notre r\u00e9gion, pour commencer votre journ\u00e9e de la meilleure fa\u00e7on possible.\" \/>\n<meta property=\"og:url\" content=\"https:\/\/www.hotelboutondor.it\/fr\/petit-dejeuner\/\" \/>\n<meta property=\"og:site_name\" content=\"Hotel a Cogne - Bouton d&#039;Or\" \/>\n<meta property=\"article:modified_time\" content=\"2024-06-07T07:58:13+00:00\" \/>\n<meta property=\"og:image\" content=\"https:\/\/www.hotelboutondor.it\/wp-content\/uploads\/2024\/04\/colazione-hotel-a-cogne-.jpg\" \/>\n<meta name=\"twitter:card\" content=\"summary_large_image\" \/>\n<script type=\"application\/ld+json\" class=\"yoast-schema-graph\">{\"@context\":\"https:\\\/\\\/schema.org\",\"@graph\":[{\"@type\":\"WebPage\",\"@id\":\"https:\\\/\\\/www.hotelboutondor.it\\\/fr\\\/petit-dejeuner\\\/\",\"url\":\"https:\\\/\\\/www.hotelboutondor.it\\\/fr\\\/petit-dejeuner\\\/\",\"name\":\"Petit-d\u00e9jeuner - Hotel a Cogne - Bouton d&#039;Or\",\"isPartOf\":{\"@id\":\"https:\\\/\\\/www.hotelboutondor.it\\\/#website\"},\"primaryImageOfPage\":{\"@id\":\"https:\\\/\\\/www.hotelboutondor.it\\\/fr\\\/petit-dejeuner\\\/#primaryimage\"},\"image\":{\"@id\":\"https:\\\/\\\/www.hotelboutondor.it\\\/fr\\\/petit-dejeuner\\\/#primaryimage\"},\"thumbnailUrl\":\"https:\\\/\\\/www.hotelboutondor.it\\\/wp-content\\\/uploads\\\/2024\\\/04\\\/colazione-hotel-a-cogne-.jpg\",\"datePublished\":\"2024-04-22T12:51:58+00:00\",\"dateModified\":\"2024-06-07T07:58:13+00:00\",\"breadcrumb\":{\"@id\":\"https:\\\/\\\/www.hotelboutondor.it\\\/fr\\\/petit-dejeuner\\\/#breadcrumb\"},\"inLanguage\":\"fr-FR\",\"potentialAction\":[{\"@type\":\"ReadAction\",\"target\":[\"https:\\\/\\\/www.hotelboutondor.it\\\/fr\\\/petit-dejeuner\\\/\"]}]},{\"@type\":\"ImageObject\",\"inLanguage\":\"fr-FR\",\"@id\":\"https:\\\/\\\/www.hotelboutondor.it\\\/fr\\\/petit-dejeuner\\\/#primaryimage\",\"url\":\"https:\\\/\\\/www.hotelboutondor.it\\\/wp-content\\\/uploads\\\/2024\\\/04\\\/colazione-hotel-a-cogne-.jpg\",\"contentUrl\":\"https:\\\/\\\/www.hotelboutondor.it\\\/wp-content\\\/uploads\\\/2024\\\/04\\\/colazione-hotel-a-cogne-.jpg\"},{\"@type\":\"BreadcrumbList\",\"@id\":\"https:\\\/\\\/www.hotelboutondor.it\\\/fr\\\/petit-dejeuner\\\/#breadcrumb\",\"itemListElement\":[{\"@type\":\"ListItem\",\"position\":1,\"name\":\"Accueil\",\"item\":\"https:\\\/\\\/www.hotelboutondor.it\\\/\"},{\"@type\":\"ListItem\",\"position\":2,\"name\":\"Petit-d\u00e9jeuner\"}]},{\"@type\":\"WebSite\",\"@id\":\"https:\\\/\\\/www.hotelboutondor.it\\\/#website\",\"url\":\"https:\\\/\\\/www.hotelboutondor.it\\\/\",\"name\":\"Hotel a Cogne - Bouton d&#039;Or\",\"description\":\"Hotel a Cogne - Bouton d&#039;Or\",\"potentialAction\":[{\"@type\":\"SearchAction\",\"target\":{\"@type\":\"EntryPoint\",\"urlTemplate\":\"https:\\\/\\\/www.hotelboutondor.it\\\/?s={search_term_string}\"},\"query-input\":{\"@type\":\"PropertyValueSpecification\",\"valueRequired\":true,\"valueName\":\"search_term_string\"}}],\"inLanguage\":\"fr-FR\"}]}<\/script>\n<!-- \/ Yoast SEO plugin. -->","yoast_head_json":{"title":"Petit-d\u00e9jeuner - Hotel a Cogne - Bouton d&#039;Or","robots":{"index":"index","follow":"follow","max-snippet":"max-snippet:-1","max-image-preview":"max-image-preview:large","max-video-preview":"max-video-preview:-1"},"canonical":"https:\/\/www.hotelboutondor.it\/fr\/petit-dejeuner\/","og_locale":"fr_FR","og_type":"article","og_title":"Petit-d\u00e9jeuner - Hotel a Cogne - Bouton d&#039;Or","og_description":"Petit-d\u00e9jeuner Le petit-d\u00e9jeuner Que vous pr\u00e9f\u00e9riez un cappuccino et une brioche sortie du four ou une assiette de fromages locaux accompagn\u00e9e de d\u00e9licieuses confitures, dans notre h\u00f4tel, vous commencerez vos vacances de la meilleure fa\u00e7on possible en savourant chaque matin notre d\u00e9licieux petit-d\u00e9jeuner. Des sp\u00e9cialit\u00e9s fromag\u00e8res de la Vall\u00e9e d&rsquo;Aoste aux p\u00e2tisseries faites maison, notre petit-d\u00e9jeuner vous fera voyager \u00e0 travers les saveurs de notre r\u00e9gion, pour commencer votre journ\u00e9e de la meilleure fa\u00e7on possible.","og_url":"https:\/\/www.hotelboutondor.it\/fr\/petit-dejeuner\/","og_site_name":"Hotel a Cogne - Bouton d&#039;Or","article_modified_time":"2024-06-07T07:58:13+00:00","og_image":[{"url":"https:\/\/www.hotelboutondor.it\/wp-content\/uploads\/2024\/04\/colazione-hotel-a-cogne-.jpg","type":"","width":"","height":""}],"twitter_card":"summary_large_image","schema":{"@context":"https:\/\/schema.org","@graph":[{"@type":"WebPage","@id":"https:\/\/www.hotelboutondor.it\/fr\/petit-dejeuner\/","url":"https:\/\/www.hotelboutondor.it\/fr\/petit-dejeuner\/","name":"Petit-d\u00e9jeuner - Hotel a Cogne - Bouton d&#039;Or","isPartOf":{"@id":"https:\/\/www.hotelboutondor.it\/#website"},"primaryImageOfPage":{"@id":"https:\/\/www.hotelboutondor.it\/fr\/petit-dejeuner\/#primaryimage"},"image":{"@id":"https:\/\/www.hotelboutondor.it\/fr\/petit-dejeuner\/#primaryimage"},"thumbnailUrl":"https:\/\/www.hotelboutondor.it\/wp-content\/uploads\/2024\/04\/colazione-hotel-a-cogne-.jpg","datePublished":"2024-04-22T12:51:58+00:00","dateModified":"2024-06-07T07:58:13+00:00","breadcrumb":{"@id":"https:\/\/www.hotelboutondor.it\/fr\/petit-dejeuner\/#breadcrumb"},"inLanguage":"fr-FR","potentialAction":[{"@type":"ReadAction","target":["https:\/\/www.hotelboutondor.it\/fr\/petit-dejeuner\/"]}]},{"@type":"ImageObject","inLanguage":"fr-FR","@id":"https:\/\/www.hotelboutondor.it\/fr\/petit-dejeuner\/#primaryimage","url":"https:\/\/www.hotelboutondor.it\/wp-content\/uploads\/2024\/04\/colazione-hotel-a-cogne-.jpg","contentUrl":"https:\/\/www.hotelboutondor.it\/wp-content\/uploads\/2024\/04\/colazione-hotel-a-cogne-.jpg"},{"@type":"BreadcrumbList","@id":"https:\/\/www.hotelboutondor.it\/fr\/petit-dejeuner\/#breadcrumb","itemListElement":[{"@type":"ListItem","position":1,"name":"Accueil","item":"https:\/\/www.hotelboutondor.it\/"},{"@type":"ListItem","position":2,"name":"Petit-d\u00e9jeuner"}]},{"@type":"WebSite","@id":"https:\/\/www.hotelboutondor.it\/#website","url":"https:\/\/www.hotelboutondor.it\/","name":"Hotel a Cogne - Bouton d&#039;Or","description":"Hotel a Cogne - Bouton d&#039;Or","potentialAction":[{"@type":"SearchAction","target":{"@type":"EntryPoint","urlTemplate":"https:\/\/www.hotelboutondor.it\/?s={search_term_string}"},"query-input":{"@type":"PropertyValueSpecification","valueRequired":true,"valueName":"search_term_string"}}],"inLanguage":"fr-FR"}]}},"_links":{"self":[{"href":"https:\/\/www.hotelboutondor.it\/fr\/wp-json\/wp\/v2\/pages\/9875","targetHints":{"allow":["GET"]}}],"collection":[{"href":"https:\/\/www.hotelboutondor.it\/fr\/wp-json\/wp\/v2\/pages"}],"about":[{"href":"https:\/\/www.hotelboutondor.it\/fr\/wp-json\/wp\/v2\/types\/page"}],"author":[{"embeddable":true,"href":"https:\/\/www.hotelboutondor.it\/fr\/wp-json\/wp\/v2\/users\/1"}],"replies":[{"embeddable":true,"href":"https:\/\/www.hotelboutondor.it\/fr\/wp-json\/wp\/v2\/comments?post=9875"}],"version-history":[{"count":1,"href":"https:\/\/www.hotelboutondor.it\/fr\/wp-json\/wp\/v2\/pages\/9875\/revisions"}],"predecessor-version":[{"id":9876,"href":"https:\/\/www.hotelboutondor.it\/fr\/wp-json\/wp\/v2\/pages\/9875\/revisions\/9876"}],"wp:attachment":[{"href":"https:\/\/www.hotelboutondor.it\/fr\/wp-json\/wp\/v2\/media?parent=9875"}],"curies":[{"name":"wp","href":"https:\/\/api.w.org\/{rel}","templated":true}]}}